{"id":374,"date":"2021-07-07T09:45:17","date_gmt":"2021-07-07T07:45:17","guid":{"rendered":"https:\/\/teg-sv.de\/?page_id=374"},"modified":"2021-08-23T11:14:57","modified_gmt":"2021-08-23T09:14:57","slug":"privacy","status":"publish","type":"page","link":"https:\/\/teg-sv.de\/en\/privacy\/","title":{"rendered":"Privacy"},"content":{"rendered":"<div class=\"wpb-content-wrapper\"><p>[vc_row][vc_column][vc_column_text]<\/p>\n<h1>Privacy<\/h1>\n<p>[\/vc_column_text][vc_column_text el_class=&#8221;tick-list&#8221;]<strong>DATENSCHUTZERKL\u00c4RUNG UND ZUGLEICH INFORMATION DER BETROFFENEN GEM\u00c4SS ARTIKEL 13, 14 EU-DATENSCHUTZGRUNDVERORDNUNG<\/strong><\/p>\n<p>Der Schutz Ihrer personenbezogenen Daten und die Einhaltung der gesetzlichen Regelungen zum Datenschutz sind uns wichtig. Sie k\u00f6nnen diese Website grunds\u00e4tzlich ohne Offenlegung Ihrer personenbezogenen Daten nutzen. Unter personenbezogenen Daten versteht man solche, die dazu genutzt werden k\u00f6nnen, Ihre Identit\u00e4t offenzulegen, wie zum Beispiel Ihr Name, Ihre Post- oder Ihre E-Mail-Adresse.<\/p>\n<p>Es findet keine personenbezogene Auswertung der Informationen statt, die unser Provider durch den Aufruf dieser Website erlangt.<br \/>\nJegliche Angabe personenbezogener Daten auf dieser Website durch Sie erfolgt auf freiwilliger Basis.<br \/>\nGrunds\u00e4tzlich werden Ihre Daten, die Sie ggfs. durch Formulare \u00fcbermitteln, sicher und verschl\u00fcsselt an uns \u00fcbertragen.<\/p>\n<p>Dadurch kann ein Zugriff durch unbefugte Dritte ausgeschlossen werden.<\/p>\n<p>Wir nutzen dazu das SSL-Verfahren.<\/p>\n<p>Wenn Sie Fragen zum Datenschutz haben, wenden Sie sich bitte an unseren Datenschutzbeauftragten: <em>Robert Aumiller, Tel. +49 9431 716027, &#x61;&#117;m&#x69;&#x6c;&#108;e&#x72;&#x40;&#105;i&#x74;&#x72;&#46;d&#x65;<\/em><\/p>\n<p>Verantwortlicher f\u00fcr die im Folgenden beschrieben Verarbeitungst\u00e4tigkeiten ist:<\/p>\n<p><strong>TEG SV GmbH<\/strong><br \/>\nHansastra\u00dfe 40<br \/>\n80686 M\u00fcnchen<br \/>\nTel. +49 89 5799 &#8211; 402<br \/>\nFax +49 89 5799 &#8211; 403<br \/>\nE-Mail: &#x6b;&#111;n&#x74;&#x61;&#107;t&#x40;&#116;e&#x67;&#x2d;&#115;v&#x2e;&#100;e<\/p>\n<p>Im Folgenden m\u00f6chten wir Sie dar\u00fcber informieren, welche Datenkategorien wir erheben und wie wir die Daten, die Sie uns zur Verf\u00fcgung stellen, verarbeiten und welche Rechte Sie haben:<\/p>\n<p><strong>Verwendung von Cookies<\/strong><\/p>\n<p>Unsere Webseiten benutzen Cookies. Cookies sind Textdateien, welche \u00fcber einen Webbrowser auf einem Computersystem abgelegt und gespeichert werden. Zahlreiche Webseiten und Server verwenden Cookies. Viele Cookies enthalten eine sogenannte Cookie-ID, also eine eindeutige Kennung. Sie besteht aus einer Zeichenfolge, durch die Webseiten und Server dem konkreten Webbrowser zugeordnet werden k\u00f6nnen, in dem das Cookie gespeichert wurde. Dies erm\u00f6glicht es den besuchten Webseiten und Servern, den individuellen Browser der betroffenen Person von anderen Webbrowsern, die andere Cookies enthalten, zu unterscheiden. Ein bestimmter Webbrowser kann \u00fcber die eindeutige Cookie-ID wiedererkannt und identifiziert werden. Die meisten der von uns verwendeten Cookies sind so genannte \u201eSession-Cookies\u201c. Sie werden nach Ende Ihres Besuchs automatisch gel\u00f6scht. Andere Cookies bleiben auf Ihrem Endger\u00e4t gespeichert, bis Sie diese l\u00f6schen. Diese Cookies erm\u00f6glichen es uns, Ihren Browser beim n\u00e4chsten Besuch wiederzukennen.<\/p>\n<p>Sie k\u00f6nnen die Behandlung der Cookies auf dieser Website jederzeit Ihren W\u00fcnschen entsprechend anpassen und beispielsweise die Annahme von Third-Party-Cookies oder allen Cookies ablehnen. Hierzu verwenden wir den Cookie Consent Layer von <a class=\"borlabs-cookie-preference\" href=\"#\">Borlabs Cookie PlugIn<\/a>.<\/p>\n<p>Sie k\u00f6nnen Ihren Browser so einstellen, dass Sie \u00fcber das Setzen von Cookies informiert werden und Cookies nur im Einzelfall erlauben, die Annahme von Cookies f\u00fcr bestimmte F\u00e4lle oder generell ausschlie\u00dfen sowie das automatische L\u00f6schen der Cookies beim Schlie\u00dfen des Browsers aktivieren. Bei der Deaktivierung von Cookies kann die Funktionalit\u00e4t dieser Website eingeschr\u00e4nkt sein.<\/p>\n<p><strong>Links zu anderen Webseiten<\/strong><\/p>\n<p>Unser Online-Angebot enth\u00e4lt Links zu anderen Websites. Wir haben keinen Einfluss darauf, dass deren Betreiber die Datenschutzbestimmungen einhalten.<\/p>\n<p><strong>Protokolldateien zu systeminternen und statistischen Zwecken<\/strong><\/p>\n<p>Unsere Webseite erfasst mit jedem Aufruf durch eine betroffene Person oder ein automatisiertes System eine Reihe von allgemeinen Daten und Informationen. Diese allgemeinen Daten und Informationen werden in Protokolldateien des Servers gespeichert.<\/p>\n<p>Erfasst werden beispielsweise die verwendeten Browsertypen und Versionen, das vom zugreifenden System verwendete Betriebssystem, die Webseite, von welcher ein zugreifendes System auf unsere Webseite gelangt (sogenannte Referrer), die Unterwebseiten, welche \u00fcber ein zugreifendes System auf unserer Webseite angesteuert werden, das Datum und die Uhrzeit eines Zugriffs auf die Webseite, die anonymisierte Internet-Protokoll-Adresse (IP-Adresse) und sonstige \u00e4hnliche Daten und Informationen, die der Gefahrenabwehr im Falle von Angriffen auf unsere informationstechnologischen Systeme dienen. Wir ziehen dabei keine R\u00fcckschl\u00fcsse auf die betroffene Person.<\/p>\n<p>Diese Informationen werden vielmehr ben\u00f6tigt, um die Inhalte unserer Webseite korrekt auszuliefern und zu optimieren, die dauerhafte Funktionsf\u00e4higkeit unserer IT-Systeme und der Technik unserer Webseite zu gew\u00e4hrleisten und um Strafverfolgungsbeh\u00f6rden im Falle eines Cyberangriffes die zur Strafverfolgung notwendigen Informationen bereitzustellen.<\/p>\n<p>Diese anonym erhobenen Daten und Informationen werden durch uns daher einerseits statistisch und ferner mit dem Ziel ausgewertet, den Datenschutz und die Datensicherheit in unserer Einrichtung zu erh\u00f6hen, um letztlich ein optimales Schutzniveau f\u00fcr die von uns verarbeiteten personenbezogenen Daten sicherzustellen. Die anonymen Daten der Server-Logfiles werden getrennt von allen durch eine betroffene Person angegebenen personenbezogenen Daten gespeichert.<\/p>\n<div id=\"c1220\" class=\"frame frame-default frame-type-text frame-layout-0 frame-background-none frame-no-backgroundimage frame-space-before-none frame-space-after-none\">\n<div class=\"frame-container\">\n<div class=\"frame-inner\">\n<h4><strong>Google Analytics und Tag Manager<\/strong><\/h4>\n<p>Diese Website benutzt auf Basis der Einwilligung der Webseiten-Besucher Google Analytics, einen Webanalysedienst der Google Ireland Limited (\u201eGoogle\u201c). Google Analytics verwendet sog. \u201eCookies\u201c, also Textdateien, die auf Ihrem Computer gespeichert werden und die eine Analyse der Benutzung der Website durch Sie erm\u00f6glichen. Die durch das Cookie erzeugten Informationen \u00fcber Ihre Benutzung dieser Website werden in der Regel auch an einen Server von Google in den USA \u00fcbertragen und dort gespeichert. Im Auftrag des Betreibers dieser Website wird Google diese Informationen benutzen, um Ihre Nutzung der Website auszuwerten, um Reports \u00fcber die Websiteaktivit\u00e4ten zusammenzustellen und um weitere mit der Websitenutzung und der Internetnutzung verbundene Dienstleistungen gegen\u00fcber dem Websitebetreiber zu erbringen. Wir m\u00f6chten darauf hinweisen, dass diese Website Google Analytics nur nach der vorher erteilten Zustimmung sowie mit gek\u00fcrzter Fassung der IP-Adressen verwendet, um eine direkte Personenbeziehbarkeit auszuschlie\u00dfen.<br \/>\nDer Google Tag Manager dient ausschlie\u00dflich der Verwaltung von Website-Tools durch Einbindung sogenannter Website-Tags. Rechtsgrundlage der Nutzung dieser Dienste ist Ihre Einwilligung \u00fcber den Cookie Consent Layer.<\/p>\n<\/div>\n<\/div>\n<\/div>\n<p><strong>Kredit- und Bonit\u00e4tsinformationen<\/strong><\/p>\n<p>Wir \u00fcbermitteln im Rahmen des Vertragsverh\u00e4ltnisses erhobene personenbezogene Daten \u00fcber die Beantragung, die Durchf\u00fchrung und Beendigung der Gesch\u00e4ftsbeziehung an die CRIF B\u00fcrgel GmbH, Radlkoferstra\u00dfe 2, 81373 M\u00fcnchen.<\/p>\n<p>Rechtsgrundlagen dieser \u00dcbermittlungen sind Artikel 6 Absatz 1 Buchstabe b und Artikel 6 Absatz 1 Buchstabe f der DSGVO. \u00dcbermittlungen auf der Grundlage von Artikel 6 Absatz 1 Buchstabe f DSGVO d\u00fcrfen nur erfolgen, soweit dies zur Wahrung berechtigter Interessen unseres Unternehmens oder Dritter erforderlich ist und nicht die Interessen oder Grundrechte und Grundfreiheiten der betroffenen Person, die den Schutz personenbezogener Daten erfordern, \u00fcberwiegen. Der Datenaustausch mit der CRIFB\u00dcRGEL dient auch der Erf\u00fcllung gesetzlicher Pflichten zur Durchf\u00fchrung von Kreditw\u00fcrdigkeitspr\u00fcfungen von Kunden (\u00a7 505a und 506 des B\u00fcrgerlichen Gesetzbuches).<\/p>\n<p>Die CRIFB\u00dcRGEL verarbeitet die erhaltenen Daten und verwendet sie auch zum Zwecke der Profilbildung (Scoring), um ihren Vertragspartnern im Europ\u00e4ischen Wirtschaftsraum und in der Schweiz sowie ggf. weiteren Drittl\u00e4ndern (sofern zu diesen ein Angemessenheitsbeschluss der Europ\u00e4ischen Kommission besteht) Informationen unter anderem zur Beurteilung der Kreditw\u00fcrdigkeit von nat\u00fcrlichen Personen zu geben. N\u00e4here Informationen zur T\u00e4tigkeit der CRIFB\u00dcRGEL k\u00f6nnen dem CRIFB\u00dcRGEL-Informationsblatt entnommen oder online unter www.crifbuergel.de\/de\/datenschutz eingesehen werden.<\/p>\n<p><strong>Bestellung Brosch\u00fcren- und Informationsmaterial<\/strong><\/p>\n<p>Wenn Sie bei uns Brosch\u00fcren und Informationsmaterial bestellen, erheben wir im Bestellformular Ihren Namen, das Unternehmen, Ihre Anschrift und Kontaktdaten.<\/p>\n<p>Zweck der Verarbeitung der Bestellung von Informationsmaterial und Brosch\u00fcren ist, Sie \u00fcber unsere Produkte und Dienstleistungen entsprechend Ihren Interessensgebieten zu informieren und Sie als Kunden zu gewinnen.<\/p>\n<p>Rechtsgrundlage der Verarbeitung ist Ihre Einwilligung zur Verarbeitung Ihrer Daten, die Sie mit deren Absenden an uns erkl\u00e4ren.<\/p>\n<p>Ihre Bestellung von Informationsmaterial und Brosch\u00fcren wird an unsere Mitarbeiter in der Kundenbetreuung weitergeleitet, die den Versand an Sie veranlassen. \u00dcbermittlungen an ein EWR-Drittland oder eine Internationale Organisation findet nicht statt.<\/p>\n<p>Ihre Daten zum einmaligen Versand von Brosch\u00fcren werden w\u00e4hrend der Bearbeitungszeit gespeichert. Ihre Daten werden bis 10 Jahre gespeichert und danach, sofern kein Gesch\u00e4ft zustande gekommen ist wieder gel\u00f6scht<\/p>\n<p><strong>Technische und organisatorische Ma\u00dfnahmen<\/strong><\/p>\n<p>Wir setzen technische und organisatorische Sicherungsma\u00dfnahmen ein, um Ihre personenbezogenen Daten vor zuf\u00e4lligen oder vors\u00e4tzlichen Manipulationen, Verlust, Zerst\u00f6rung oder dem Zugriff unberechtigter Personen zu sch\u00fctzen. Dies gilt auch, wenn externe Dienstleistungen genutzt werden. Bei Eingabe von personenbezogenen Daten werden diese immer verschl\u00fcsselt \u00fcbertragen.<\/p>\n<p><strong>Handhabung von Visitenkarten<\/strong><\/p>\n<p>Im Rahmen der \u00dcbergabe bzw. Austausch von Visitenkarten teilen Sie uns personenbezogene Daten wie Rufnummer, E-Mailadresse. Diese Angaben verwenden wir ausschlie\u00dflich, um mit Ihnen in Kontakt zu bleiben. Dar\u00fcber hinaus teilen wir Ihnen weitere Informationen \u00fcber unsere Leistungen mit. Sofern Sie keine Leistungen bzw. Werkleistungen von uns beziehen, werden wir Ihre Kontaktdaten nach 5 Jahren l\u00f6schen.<\/p>\n<p>Sie haben jederzeit das Recht auf Auskunft, L\u00f6schung oder Berichtigung.<\/p>\n<p><strong>Spezifische Angaben zur Verarbeitung von Kundendaten\/Interessentendaten<\/strong><\/p>\n<p>Betroffene Daten: Zur Vertragsdurchf\u00fchrung mitgeteilte Daten; ggfs. dar\u00fcber hinaus gehende Daten zur Verarbeitung auf Basis Ihrer ausdr\u00fccklichen Einwilligung.<\/p>\n<p>Verarbeitungszweck: Vertragsdurchf\u00fchrung, u.a. Angebote, Auftr\u00e4ge, Vertragsabwicklung und Rechnungsstellung, Qualit\u00e4tssicherung<\/p>\n<p>Kategorien von Empf\u00e4ngern: \u00d6ffentliche Stellen bei Vorliegen vorrangiger Rechtsvorschriften<\/p>\n<p>Externe Dienstleister oder sonstige Auftragnehmer, u.a. zur Datenverarbeitung und Hosting, f\u00fcr Versand, Transport und Logistik, Dienstleister zum Druck und Versand von Informationen und Dienstleister in der Buchhaltung.<\/p>\n<p>Weitere externe Stellen soweit der Betroffene seine Einwilligung erteilt hat oder eine \u00dcbermittlung aus \u00fcberwiegendem Interesse zul\u00e4ssig ist, u.a. zur Bonit\u00e4tsauskunft, zum elektronischen Versand von Informationen und zu Qualit\u00e4tssicherungszwecken.<\/p>\n<p>Drittlandtransfers: Im Rahmen der Vertragsdurchf\u00fchrung k\u00f6nnen auch Auftragsverarbeiter au\u00dferhalb der Europ\u00e4ischen Union zum Einsatz kommen.<\/p>\n<p>Dauer Datenspeicherung: Die Dauer der Datenspeicherung richtet sich nach den gesetzlichen Aufbewahrungspflichten und betr\u00e4gt in der Regel 10 Jahre.<\/p>\n<p><strong>Spezifische Angaben zur Verarbeitung von Besch\u00e4ftigtendaten<\/strong><\/p>\n<p>Betroffene Daten: Zur Vertragsdurchf\u00fchrung mitgeteilte Daten; ggfs. dar\u00fcber hinaus eingehende Daten zur Verarbeitung auf Basis Ihrer ausdr\u00fccklichen Einwilligung.<\/p>\n<p>Verarbeitungszweck: Vertragsdurchf\u00fchrung im Rahmen des Besch\u00e4ftigungsverh\u00e4ltnisses<\/p>\n<p>Kategorien von Empf\u00e4ngern: \u00d6ffentliche Stellen bei Vorliegen vorrangiger Rechtsvorschriften, u.a. Finanzamt, Sozialversicherungstr\u00e4ger und Berufsgenossenschaft.<\/p>\n<p>Externe Dienstleister oder sonstige Auftragnehmer, u.a. zur Datenverarbeitung und Hosting, zur Entgeltabrechnung, zur Reisekostenabrechnung, zu Versicherungsleistungen und zur Fahrzeugnutzung.<\/p>\n<p>Weitere externe Stellen soweit der Betroffene seine Einwilligung erteilt hat oder eine \u00dcbermittlung aus \u00fcberwiegendem Interesse zul\u00e4ssig ist, u.a. zur Auftragsakquise und zu Versicherungsleistungen]<\/p>\n<p>Drittlandtransfers: Im Rahmen der Vertragsdurchf\u00fchrung k\u00f6nnen auch Auftragsverarbeiter au\u00dferhalb der Europ\u00e4ischen Union zum Einsatz kommen, u.a. Email.<\/p>\n<p>Dauer Datenspeicherung: Die Dauer der Datenspeicherung richtet sich nach den gesetzlichen Aufbewahrungspflichten und betr\u00e4gt in der Regel 10 Jahre.<\/p>\n<p><strong>Spezifische Angaben zur Verarbeitung von Lieferantendaten<\/strong><\/p>\n<p>Betroffene Daten: Zur Vertragsdurchf\u00fchrung mitgeteilte Daten; ggfs. dar\u00fcber hinaus gehende Daten zur Verarbeitung auf Basis Ihrer ausdr\u00fccklichen Einwilligung.<\/p>\n<p>Verarbeitungszweck: Vertragsdurchf\u00fchrung, u.a. Anfragen, Einkauf und Qualit\u00e4tssicherung.<\/p>\n<p>Kategorien von Empf\u00e4ngern: \u00d6ffentliche Stellen bei Vorliegen vorrangiger Rechtsvorschriften, u.a. Finanzamt und Zoll.<\/p>\n<p>Externe Dienstleister oder sonstige Auftragnehmer, u.a. zur Datenverarbeitung und Hosting, Buchhaltung und\u00a0 Zahlungsabwicklung.<\/p>\n<p>Weitere externe Stellen soweit der Betroffene seine Einwilligung erteilt hat oder eine \u00dcbermittlung aus \u00fcberwiegendem Interesse zul\u00e4ssig ist.<\/p>\n<p>Drittlandtransfers: Im Rahmen der Vertragsdurchf\u00fchrung k\u00f6nnen auch Auftragsverarbeiter au\u00dferhalb der Europ\u00e4ischen Union zum Einsatz kommen.<\/p>\n<p>Dauer Datenspeicherung: Die Dauer der Datenspeicherung richtet sich nach den gesetzlichen Aufbewahrungspflichten und betr\u00e4gt in der Regel 10 Jahre.<\/p>\n<p><strong>Ihre Rechte als betroffene Person<\/strong><\/p>\n<p>Sie haben nach der Europ\u00e4ischen Datenschutz-Grundverordnung folgende Rechte als betroffene Person:<\/p>\n<p>Widerruf der Einwilligung: Sofern die Verarbeitung Ihrer personenbezogenen Daten auf Ihrer Einwilligung beruht, haben sie gem\u00e4\u00df Artikel 7 Absatz 3 DS-GVO das Recht, Ihre Einwilligung jederzeit zu widerrufen.<\/p>\n<p>Auskunft: Sie haben das Recht vom Verantwortlichen eine Best\u00e4tigung zu verlangen, ob Ihre Daten von ihm verarbeitet werden und ggfs. das Recht auf Auskunft \u00fcber diese personenbezogenen Daten.<\/p>\n<p>Berichtigung: Sie haben das Recht vom Verantwortlichen unverz\u00fcgliche Berichtigung von Sie betreffenden unrichtigen personenbezogenen Daten zu verlangen.<\/p>\n<p>L\u00f6schung: Sie haben ggfs. das Recht, vom Verantwortlichen zu verlangen, dass Ihre personenbezogenen Daten unverz\u00fcglich gel\u00f6scht werden.<\/p>\n<p>Einschr\u00e4nkung der Verarbeitung: Sie haben ggfs. das Recht, vom Verantwortlichen die Einschr\u00e4nkung der Verarbeitung zu verlangen.<\/p>\n<p>Widerspruch gegen die Verarbeitung: Sie k\u00f6nnen der Verarbeitung Ihrer Daten aus Gr\u00fcnden, die sich aus Ihrer besonderen Situation ergeben, ggfs. jederzeit widersprechen.<\/p>\n<p>Folgen der Nichtbereitstellung der Daten: Sie sind nicht verpflichtet, uns Daten zur Verf\u00fcgung zu stellen. Eine Nichtbereitstellung h\u00e4tte aber gegebenenfalls zur Folge, dass Ihre Anfrage oder der Betrieb eines Kundenkontos nicht bearbeitet werden kann.<\/p>\n<p>Recht auf Daten\u00fcbertragbarkeit: Sie haben das Recht, die Sie betreffenden personenbezogenen Daten, die sie dem Verantwortlichen bereitgestellt haben, in einem strukturierten, g\u00e4ngigen und maschinenlesbaren Format zu erhalten.<\/p>\n<p>Beschwerderecht bei einer Aufsichtsbeh\u00f6rde: Sie haben das Recht sich bei einer Aufsichtsbeh\u00f6rde zu beschweren.[\/vc_column_text][\/vc_column][\/vc_row]<\/p>\n<\/div>","protected":false},"excerpt":{"rendered":"<p>[vc_row][vc_column][vc_column_text] Privacy [\/vc_column_text][vc_column_text el_class=&#8221;tick-list&#8221;]DATENSCHUTZERKL\u00c4RUNG UND ZUGLEICH INFORMATION DER BETROFFENEN GEM\u00c4SS ARTIKEL 13, 14 EU-DATENSCHUTZGRUNDVERORDNUNG Der Schutz Ihrer personenbezogenen Daten und die Einhaltung der gesetzlichen Regelungen zum Datenschutz sind uns wichtig. [&hellip;]<\/p>\n","protected":false},"author":1,"featured_media":0,"parent":0,"menu_order":20,"comment_status":"closed","ping_status":"closed","template":"","meta":{"_acf_changed":false,"inline_featured_image":false,"footnotes":""},"class_list":["post-374","page","type-page","status-publish","hentry"],"acf":[],"yoast_head":"<!-- This site is optimized with the Yoast SEO plugin v27.4 - https:\/\/yoast.com\/product\/yoast-seo-wordpress\/ -->\n<title>Privacy - TEG SV \u2013 Sachverst\u00e4ndige f\u00fcr Honorar und Planungsleistungen der TGA<\/title>\n<meta name=\"robots\" content=\"index, follow, max-snippet:-1, max-image-preview:large, max-video-preview:-1\" \/>\n<link rel=\"canonical\" href=\"https:\/\/teg-sv.de\/en\/privacy\/\" \/>\n<meta property=\"og:locale\" content=\"en_US\" \/>\n<meta property=\"og:type\" content=\"article\" \/>\n<meta property=\"og:title\" content=\"Privacy - TEG SV \u2013 Sachverst\u00e4ndige f\u00fcr Honorar und Planungsleistungen der TGA\" \/>\n<meta property=\"og:description\" content=\"[vc_row][vc_column][vc_column_text] Privacy [\/vc_column_text][vc_column_text el_class=&#8221;tick-list&#8221;]DATENSCHUTZERKL\u00c4RUNG UND ZUGLEICH INFORMATION DER BETROFFENEN GEM\u00c4SS ARTIKEL 13, 14 EU-DATENSCHUTZGRUNDVERORDNUNG Der Schutz Ihrer personenbezogenen Daten und die Einhaltung der gesetzlichen Regelungen zum Datenschutz sind uns wichtig. [&hellip;]\" \/>\n<meta property=\"og:url\" content=\"https:\/\/teg-sv.de\/en\/privacy\/\" \/>\n<meta property=\"og:site_name\" content=\"TEG SV \u2013 Sachverst\u00e4ndige f\u00fcr Honorar und Planungsleistungen der TGA\" \/>\n<meta property=\"article:modified_time\" content=\"2021-08-23T09:14:57+00:00\" \/>\n<meta name=\"twitter:card\" content=\"summary_large_image\" \/>\n<meta name=\"twitter:label1\" content=\"Est. reading time\" \/>\n\t<meta name=\"twitter:data1\" content=\"9 minutes\" \/>\n<script type=\"application\/ld+json\" class=\"yoast-schema-graph\">{\"@context\":\"https:\\\/\\\/schema.org\",\"@graph\":[{\"@type\":\"WebPage\",\"@id\":\"https:\\\/\\\/teg-sv.de\\\/en\\\/privacy\\\/\",\"url\":\"https:\\\/\\\/teg-sv.de\\\/en\\\/privacy\\\/\",\"name\":\"Privacy - TEG SV \u2013 Sachverst\u00e4ndige f\u00fcr Honorar und Planungsleistungen der TGA\",\"isPartOf\":{\"@id\":\"https:\\\/\\\/teg-sv.de\\\/#website\"},\"datePublished\":\"2021-07-07T07:45:17+00:00\",\"dateModified\":\"2021-08-23T09:14:57+00:00\",\"breadcrumb\":{\"@id\":\"https:\\\/\\\/teg-sv.de\\\/en\\\/privacy\\\/#breadcrumb\"},\"inLanguage\":\"en-US\",\"potentialAction\":[{\"@type\":\"ReadAction\",\"target\":[\"https:\\\/\\\/teg-sv.de\\\/en\\\/privacy\\\/\"]}]},{\"@type\":\"BreadcrumbList\",\"@id\":\"https:\\\/\\\/teg-sv.de\\\/en\\\/privacy\\\/#breadcrumb\",\"itemListElement\":[{\"@type\":\"ListItem\",\"position\":1,\"name\":\"Startseite\",\"item\":\"https:\\\/\\\/teg-sv.de\\\/en\\\/\"},{\"@type\":\"ListItem\",\"position\":2,\"name\":\"Privacy\"}]},{\"@type\":\"WebSite\",\"@id\":\"https:\\\/\\\/teg-sv.de\\\/#website\",\"url\":\"https:\\\/\\\/teg-sv.de\\\/\",\"name\":\"TEG SV \u2013 Sachverst\u00e4ndige f\u00fcr Honorar und Planungsleistungen der TGA\",\"description\":\"\",\"publisher\":{\"@id\":\"https:\\\/\\\/teg-sv.de\\\/#organization\"},\"potentialAction\":[{\"@type\":\"SearchAction\",\"target\":{\"@type\":\"EntryPoint\",\"urlTemplate\":\"https:\\\/\\\/teg-sv.de\\\/?s={search_term_string}\"},\"query-input\":{\"@type\":\"PropertyValueSpecification\",\"valueRequired\":true,\"valueName\":\"search_term_string\"}}],\"inLanguage\":\"en-US\"},{\"@type\":\"Organization\",\"@id\":\"https:\\\/\\\/teg-sv.de\\\/#organization\",\"name\":\"TEG Sachverst\u00e4ndige f\u00fcr Honorar und Planungsleistungen\",\"url\":\"https:\\\/\\\/teg-sv.de\\\/\",\"logo\":{\"@type\":\"ImageObject\",\"inLanguage\":\"en-US\",\"@id\":\"https:\\\/\\\/teg-sv.de\\\/#\\\/schema\\\/logo\\\/image\\\/\",\"url\":\"https:\\\/\\\/teg-sv.de\\\/wp-content\\\/uploads\\\/2021\\\/06\\\/TEG_symbol_pos_home.svg\",\"contentUrl\":\"https:\\\/\\\/teg-sv.de\\\/wp-content\\\/uploads\\\/2021\\\/06\\\/TEG_symbol_pos_home.svg\",\"width\":\"1024\",\"height\":\"1024\",\"caption\":\"TEG Sachverst\u00e4ndige f\u00fcr Honorar und Planungsleistungen\"},\"image\":{\"@id\":\"https:\\\/\\\/teg-sv.de\\\/#\\\/schema\\\/logo\\\/image\\\/\"},\"sameAs\":[\"https:\\\/\\\/www.linkedin.com\\\/in\\\/martin-vielhauer-19509075\\\/?locale=de_DE\"]}]}<\/script>\n<!-- \/ Yoast SEO plugin. -->","yoast_head_json":{"title":"Privacy - TEG SV \u2013 Sachverst\u00e4ndige f\u00fcr Honorar und Planungsleistungen der TGA","robots":{"index":"index","follow":"follow","max-snippet":"max-snippet:-1","max-image-preview":"max-image-preview:large","max-video-preview":"max-video-preview:-1"},"canonical":"https:\/\/teg-sv.de\/en\/privacy\/","og_locale":"en_US","og_type":"article","og_title":"Privacy - TEG SV \u2013 Sachverst\u00e4ndige f\u00fcr Honorar und Planungsleistungen der TGA","og_description":"[vc_row][vc_column][vc_column_text] Privacy [\/vc_column_text][vc_column_text el_class=&#8221;tick-list&#8221;]DATENSCHUTZERKL\u00c4RUNG UND ZUGLEICH INFORMATION DER BETROFFENEN GEM\u00c4SS ARTIKEL 13, 14 EU-DATENSCHUTZGRUNDVERORDNUNG Der Schutz Ihrer personenbezogenen Daten und die Einhaltung der gesetzlichen Regelungen zum Datenschutz sind uns wichtig. [&hellip;]","og_url":"https:\/\/teg-sv.de\/en\/privacy\/","og_site_name":"TEG SV \u2013 Sachverst\u00e4ndige f\u00fcr Honorar und Planungsleistungen der TGA","article_modified_time":"2021-08-23T09:14:57+00:00","twitter_card":"summary_large_image","twitter_misc":{"Est. reading time":"9 minutes"},"schema":{"@context":"https:\/\/schema.org","@graph":[{"@type":"WebPage","@id":"https:\/\/teg-sv.de\/en\/privacy\/","url":"https:\/\/teg-sv.de\/en\/privacy\/","name":"Privacy - TEG SV \u2013 Sachverst\u00e4ndige f\u00fcr Honorar und Planungsleistungen der TGA","isPartOf":{"@id":"https:\/\/teg-sv.de\/#website"},"datePublished":"2021-07-07T07:45:17+00:00","dateModified":"2021-08-23T09:14:57+00:00","breadcrumb":{"@id":"https:\/\/teg-sv.de\/en\/privacy\/#breadcrumb"},"inLanguage":"en-US","potentialAction":[{"@type":"ReadAction","target":["https:\/\/teg-sv.de\/en\/privacy\/"]}]},{"@type":"BreadcrumbList","@id":"https:\/\/teg-sv.de\/en\/privacy\/#breadcrumb","itemListElement":[{"@type":"ListItem","position":1,"name":"Startseite","item":"https:\/\/teg-sv.de\/en\/"},{"@type":"ListItem","position":2,"name":"Privacy"}]},{"@type":"WebSite","@id":"https:\/\/teg-sv.de\/#website","url":"https:\/\/teg-sv.de\/","name":"TEG SV \u2013 Sachverst\u00e4ndige f\u00fcr Honorar und Planungsleistungen der TGA","description":"","publisher":{"@id":"https:\/\/teg-sv.de\/#organization"},"potentialAction":[{"@type":"SearchAction","target":{"@type":"EntryPoint","urlTemplate":"https:\/\/teg-sv.de\/?s={search_term_string}"},"query-input":{"@type":"PropertyValueSpecification","valueRequired":true,"valueName":"search_term_string"}}],"inLanguage":"en-US"},{"@type":"Organization","@id":"https:\/\/teg-sv.de\/#organization","name":"TEG Sachverst\u00e4ndige f\u00fcr Honorar und Planungsleistungen","url":"https:\/\/teg-sv.de\/","logo":{"@type":"ImageObject","inLanguage":"en-US","@id":"https:\/\/teg-sv.de\/#\/schema\/logo\/image\/","url":"https:\/\/teg-sv.de\/wp-content\/uploads\/2021\/06\/TEG_symbol_pos_home.svg","contentUrl":"https:\/\/teg-sv.de\/wp-content\/uploads\/2021\/06\/TEG_symbol_pos_home.svg","width":"1024","height":"1024","caption":"TEG Sachverst\u00e4ndige f\u00fcr Honorar und Planungsleistungen"},"image":{"@id":"https:\/\/teg-sv.de\/#\/schema\/logo\/image\/"},"sameAs":["https:\/\/www.linkedin.com\/in\/martin-vielhauer-19509075\/?locale=de_DE"]}]}},"_links":{"self":[{"href":"https:\/\/teg-sv.de\/en\/wp-json\/wp\/v2\/pages\/374","targetHints":{"allow":["GET"]}}],"collection":[{"href":"https:\/\/teg-sv.de\/en\/wp-json\/wp\/v2\/pages"}],"about":[{"href":"https:\/\/teg-sv.de\/en\/wp-json\/wp\/v2\/types\/page"}],"author":[{"embeddable":true,"href":"https:\/\/teg-sv.de\/en\/wp-json\/wp\/v2\/users\/1"}],"replies":[{"embeddable":true,"href":"https:\/\/teg-sv.de\/en\/wp-json\/wp\/v2\/comments?post=374"}],"version-history":[{"count":3,"href":"https:\/\/teg-sv.de\/en\/wp-json\/wp\/v2\/pages\/374\/revisions"}],"predecessor-version":[{"id":414,"href":"https:\/\/teg-sv.de\/en\/wp-json\/wp\/v2\/pages\/374\/revisions\/414"}],"wp:attachment":[{"href":"https:\/\/teg-sv.de\/en\/wp-json\/wp\/v2\/media?parent=374"}],"curies":[{"name":"wp","href":"https:\/\/api.w.org\/{rel}","templated":true}]}}